{"id":126,"date":"2024-02-09T12:41:09","date_gmt":"2024-02-09T11:41:09","guid":{"rendered":"https:\/\/namayogaenergie.fr\/?page_id=126"},"modified":"2024-02-27T19:39:33","modified_gmt":"2024-02-27T18:39:33","slug":"nama","status":"publish","type":"page","link":"https:\/\/namayogaenergie.fr\/?page_id=126","title":{"rendered":"NAMA"},"content":{"rendered":"\t\t<div data-elementor-type=\"wp-page\" data-elementor-id=\"126\" class=\"elementor elementor-126\">\n\t\t\t\t<div class=\"elementor-element elementor-element-005cddf e-flex e-con-boxed e-con e-parent\" data-id=\"005cddf\" data-element_type=\"container\" data-settings=\"{&quot;content_width&quot;:&quot;boxed&quot;}\" data-core-v316-plus=\"true\">\n\t\t\t\t\t<div class=\"e-con-inner\">\n\t\t<div class=\"elementor-element elementor-element-3cbc282 e-con-full e-flex e-con e-child\" data-id=\"3cbc282\" data-element_type=\"container\" data-settings=\"{&quot;content_width&quot;:&quot;full&quot;}\">\n\t\t\t\t<div class=\"elementor-element elementor-element-2c8bef7 elementor-widget elementor-widget-image\" data-id=\"2c8bef7\" data-element_type=\"widget\" data-widget_type=\"image.default\">\n\t\t\t\t<div class=\"elementor-widget-container\">\n\t\t\t<style>\/*! elementor - v3.19.0 - 07-02-2024 *\/\n.elementor-widget-image{text-align:center}.elementor-widget-image a{display:inline-block}.elementor-widget-image a img[src$=\".svg\"]{width:48px}.elementor-widget-image img{vertical-align:middle;display:inline-block}<\/style>\t\t\t\t\t\t\t\t\t\t<img decoding=\"async\" src=\"https:\/\/namayogaenergie.fr\/wp-content\/uploads\/2024\/01\/20230608_071753-scaled.jpg\" title=\"20230608_071753\" alt=\"20230608_071753\" loading=\"lazy\" \/>\t\t\t\t\t\t\t\t\t\t\t\t\t<\/div>\n\t\t\t\t<\/div>\n\t\t\t\t<\/div>\n\t\t<div class=\"elementor-element elementor-element-ef6889a e-con-full e-flex e-con e-child\" data-id=\"ef6889a\" data-element_type=\"container\" data-settings=\"{&quot;content_width&quot;:&quot;full&quot;}\">\n\t\t\t\t<div class=\"elementor-element elementor-element-384463c4 elementor-widget elementor-widget-text-editor\" data-id=\"384463c4\" data-element_type=\"widget\" data-widget_type=\"text-editor.default\">\n\t\t\t\t<div class=\"elementor-widget-container\">\n\t\t\t<style>\/*! elementor - v3.19.0 - 07-02-2024 *\/\n.elementor-widget-text-editor.elementor-drop-cap-view-stacked .elementor-drop-cap{background-color:#69727d;color:#fff}.elementor-widget-text-editor.elementor-drop-cap-view-framed .elementor-drop-cap{color:#69727d;border:3px solid;background-color:transparent}.elementor-widget-text-editor:not(.elementor-drop-cap-view-default) .elementor-drop-cap{margin-top:8px}.elementor-widget-text-editor:not(.elementor-drop-cap-view-default) .elementor-drop-cap-letter{width:1em;height:1em}.elementor-widget-text-editor .elementor-drop-cap{float:left;text-align:center;line-height:1;font-size:50px}.elementor-widget-text-editor .elementor-drop-cap-letter{display:inline-block}<\/style>\t\t\t\t<p><!-- wp:paragraph --><\/p>\n<p><b>A propos de moi<\/b><\/p>\n<p><!-- \/wp:paragraph --><\/p>\n<p><!-- wp:paragraph --><\/p>\n<p>Krishna dit que l\u2019homme (ou la femme&nbsp;!) ne s\u2019int\u00e9resse au yoga que s\u2019il a pratiqu\u00e9 le yoga dans une vie ant\u00e9rieure et qu\u2019il sera attir\u00e9 par cette pratique, comme un aimant, contre son gr\u00e9 (Bhagavad Gita Chapitre 6, verset 44).<\/p>\n<p><!-- \/wp:paragraph --><\/p>\n<p><!-- wp:paragraph --><\/p>\n<p>Il faut croire que j\u2019ai d\u00e9j\u00e0 \u00e9t\u00e9 un yogi dans une autre vie\u2026 car le yoga, tout comme la culture indienne et hindoue, m\u2019attire comme un aimant depuis que je suis toute petite&nbsp;!<\/p>\n<p><!-- \/wp:paragraph --><\/p>\n<p><!-- wp:paragraph --><\/p>\n<p>A l&#8217;\u00e2ge de 20 ans, je d\u00e9couvre le Hatha yoga. Ma pratique me m\u00e8ne vers le Vinyasa Flow une dizaine d\u2019ann\u00e9e plus tard, pour enfin s\u2019affiner vers l\u2019Ashtanga yoga.&nbsp;<\/p><p><span style=\"color: var( --e-global-color-secondary ); text-align: var(--text-align); font-size: 1rem;\">Apr\u00e8s quelques \u00e9preuves personnelles d\u00e9cisives, je saute le pas en 2022 et entame une formation afin de pouvoir dispenser des cours \u00e0 mon tour.&nbsp;<\/span><\/p><p><span style=\"color: var( --e-global-color-secondary ); font-size: 1rem; text-align: var(--text-align);\">Aujourd\u2019hui, j\u2019\u00e9mets l\u2019intention de partager ma pratique au plus grand nombre, dans la bienveillance et le respect.<\/span><br><\/p>\n<p><!-- \/wp:paragraph --><\/p>\n<p><!-- wp:paragraph --><\/p>\n<p>Je suis Sandrine et vous accueille en cours priv\u00e9, semi-priv\u00e9 et petit groupe, pour des s\u00e9ances de Vinyasa Flow ou d\u2019initiation \u00e0 la premi\u00e8re s\u00e9rie de l\u2019Ashtanga Vinyasa yoga.<\/p>\n<p><!-- \/wp:paragraph --><\/p>\t\t\t\t\t\t<\/div>\n\t\t\t\t<\/div>\n\t\t\t\t<\/div>\n\t\t\t\t\t<\/div>\n\t\t\t\t<\/div>\n\t\t<div class=\"elementor-element elementor-element-3b6eb629 e-flex e-con-boxed e-con e-parent\" data-id=\"3b6eb629\" data-element_type=\"container\" data-settings=\"{&quot;background_background&quot;:&quot;slideshow&quot;,&quot;background_slideshow_gallery&quot;:[{&quot;id&quot;:9,&quot;url&quot;:&quot;http:\\\/\\\/namayogaenergie.fr\\\/wp-content\\\/uploads\\\/2024\\\/01\\\/Trame-2.jpg&quot;}],&quot;content_width&quot;:&quot;boxed&quot;,&quot;background_slideshow_loop&quot;:&quot;yes&quot;,&quot;background_slideshow_slide_duration&quot;:5000,&quot;background_slideshow_slide_transition&quot;:&quot;fade&quot;,&quot;background_slideshow_transition_duration&quot;:500}\" data-core-v316-plus=\"true\">\n\t\t\t\t\t<div class=\"e-con-inner\">\n\t\t<div class=\"elementor-element elementor-element-6b746d e-con-full e-flex e-con e-child\" data-id=\"6b746d\" data-element_type=\"container\" data-settings=\"{&quot;content_width&quot;:&quot;full&quot;}\">\n\t\t\t\t<div class=\"elementor-element elementor-element-2e68977d elementor-widget elementor-widget-text-editor\" data-id=\"2e68977d\" data-element_type=\"widget\" data-widget_type=\"text-editor.default\">\n\t\t\t\t<div class=\"elementor-widget-container\">\n\t\t\t\t\t\t\t<p>Nama Yoga Energie<\/p><p>06 31 86 75 56<\/p><p>nama.yoga.energie@gmail.com<\/p>\t\t\t\t\t\t<\/div>\n\t\t\t\t<\/div>\n\t\t\t\t<\/div>\n\t\t\t\t<div class=\"elementor-element elementor-element-182eaa65 elementor-widget elementor-widget-image\" data-id=\"182eaa65\" data-element_type=\"widget\" data-widget_type=\"image.default\">\n\t\t\t\t<div class=\"elementor-widget-container\">\n\t\t\t\t\t\t\t\t\t\t\t\t\t<img decoding=\"async\" width=\"150\" height=\"150\" src=\"https:\/\/namayogaenergie.fr\/wp-content\/uploads\/2024\/01\/Screenshot_yoga-alliance-150x150.jpg\" class=\"attachment-thumbnail size-thumbnail wp-image-11\" alt=\"\" \/>\t\t\t\t\t\t\t\t\t\t\t\t\t<\/div>\n\t\t\t\t<\/div>\n\t\t<div class=\"elementor-element elementor-element-4501b9ea e-con-full e-flex e-con e-child\" data-id=\"4501b9ea\" data-element_type=\"container\" data-settings=\"{&quot;content_width&quot;:&quot;full&quot;}\">\n\t\t\t\t<\/div>\n\t\t\t\t\t<\/div>\n\t\t\t\t<\/div>\n\t\t\t\t<\/div>\n\t\t","protected":false},"excerpt":{"rendered":"<p>A propos de moi Krishna dit que l\u2019homme (ou la femme&nbsp;!) ne s\u2019int\u00e9resse au yoga que s\u2019il a pratiqu\u00e9 le yoga dans une vie ant\u00e9rieure et qu\u2019il sera attir\u00e9 par cette pratique, comme un aimant, contre son gr\u00e9 (Bhagavad Gita Chapitre 6, verset 44). Il faut croire que j\u2019ai d\u00e9j\u00e0 \u00e9t\u00e9 un yogi dans une [&hellip;]<\/p>\n","protected":false},"author":1,"featured_media":0,"parent":0,"menu_order":0,"comment_status":"closed","ping_status":"closed","template":"","meta":{"footnotes":""},"class_list":["post-126","page","type-page","status-publish","hentry"],"_links":{"self":[{"href":"https:\/\/namayogaenergie.fr\/index.php?rest_route=\/wp\/v2\/pages\/126","targetHints":{"allow":["GET"]}}],"collection":[{"href":"https:\/\/namayogaenergie.fr\/index.php?rest_route=\/wp\/v2\/pages"}],"about":[{"href":"https:\/\/namayogaenergie.fr\/index.php?rest_route=\/wp\/v2\/types\/page"}],"author":[{"embeddable":true,"href":"https:\/\/namayogaenergie.fr\/index.php?rest_route=\/wp\/v2\/users\/1"}],"replies":[{"embeddable":true,"href":"https:\/\/namayogaenergie.fr\/index.php?rest_route=%2Fwp%2Fv2%2Fcomments&post=126"}],"version-history":[{"count":9,"href":"https:\/\/namayogaenergie.fr\/index.php?rest_route=\/wp\/v2\/pages\/126\/revisions"}],"predecessor-version":[{"id":212,"href":"https:\/\/namayogaenergie.fr\/index.php?rest_route=\/wp\/v2\/pages\/126\/revisions\/212"}],"wp:attachment":[{"href":"https:\/\/namayogaenergie.fr\/index.php?rest_route=%2Fwp%2Fv2%2Fmedia&parent=126"}],"curies":[{"name":"wp","href":"https:\/\/api.w.org\/{rel}","templated":true}]}}