{"id":137,"date":"2024-02-09T12:40:09","date_gmt":"2024-02-09T11:40:09","guid":{"rendered":"https:\/\/namayogaenergie.fr\/?page_id=137"},"modified":"2024-08-07T21:03:36","modified_gmt":"2024-08-07T19:03:36","slug":"energie","status":"publish","type":"page","link":"https:\/\/namayogaenergie.fr\/?page_id=137","title":{"rendered":"ENERGIE"},"content":{"rendered":"\t\t<div data-elementor-type=\"wp-page\" data-elementor-id=\"137\" class=\"elementor elementor-137\">\n\t\t\t\t<div class=\"elementor-element elementor-element-87cd92c e-flex e-con-boxed e-con e-parent\" data-id=\"87cd92c\" data-element_type=\"container\" data-settings=\"{&quot;content_width&quot;:&quot;boxed&quot;}\" data-core-v316-plus=\"true\">\n\t\t\t\t\t<div class=\"e-con-inner\">\n\t\t<div class=\"elementor-element elementor-element-727b84f e-con-full e-flex e-con e-child\" data-id=\"727b84f\" data-element_type=\"container\" data-settings=\"{&quot;content_width&quot;:&quot;full&quot;}\">\n\t\t\t\t<div class=\"elementor-element elementor-element-2b9ae3f elementor-widget elementor-widget-heading\" data-id=\"2b9ae3f\" data-element_type=\"widget\" data-widget_type=\"heading.default\">\n\t\t\t\t<div class=\"elementor-widget-container\">\n\t\t\t<style>\/*! elementor - v3.19.0 - 07-02-2024 *\/\n.elementor-heading-title{padding:0;margin:0;line-height:1}.elementor-widget-heading .elementor-heading-title[class*=elementor-size-]>a{color:inherit;font-size:inherit;line-height:inherit}.elementor-widget-heading .elementor-heading-title.elementor-size-small{font-size:15px}.elementor-widget-heading .elementor-heading-title.elementor-size-medium{font-size:19px}.elementor-widget-heading .elementor-heading-title.elementor-size-large{font-size:29px}.elementor-widget-heading .elementor-heading-title.elementor-size-xl{font-size:39px}.elementor-widget-heading .elementor-heading-title.elementor-size-xxl{font-size:59px}<\/style><h2 class=\"elementor-heading-title elementor-size-default\">ENERGIE<\/h2>\t\t<\/div>\n\t\t\t\t<\/div>\n\t\t\t\t<div class=\"elementor-element elementor-element-6ce2f9a4 elementor-widget elementor-widget-text-editor\" data-id=\"6ce2f9a4\" data-element_type=\"widget\" data-widget_type=\"text-editor.default\">\n\t\t\t\t<div class=\"elementor-widget-container\">\n\t\t\t<style>\/*! elementor - v3.19.0 - 07-02-2024 *\/\n.elementor-widget-text-editor.elementor-drop-cap-view-stacked .elementor-drop-cap{background-color:#69727d;color:#fff}.elementor-widget-text-editor.elementor-drop-cap-view-framed .elementor-drop-cap{color:#69727d;border:3px solid;background-color:transparent}.elementor-widget-text-editor:not(.elementor-drop-cap-view-default) .elementor-drop-cap{margin-top:8px}.elementor-widget-text-editor:not(.elementor-drop-cap-view-default) .elementor-drop-cap-letter{width:1em;height:1em}.elementor-widget-text-editor .elementor-drop-cap{float:left;text-align:center;line-height:1;font-size:50px}.elementor-widget-text-editor .elementor-drop-cap-letter{display:inline-block}<\/style>\t\t\t\t<p><!-- wp:paragraph --><\/p>\n<p>En parall\u00e8le de mon activit\u00e9 de yoga, je propose des soins \u00e9nerg\u00e9tiques.\u00a0<\/p>\n<p><span style=\"color: var( --e-global-color-secondary ); text-align: var(--text-align); font-size: 1rem;\">Depuis plus de 10 ans maintenant,\u00a0 je me suis form\u00e9e en magn\u00e9tisme, Reiki ou encore avec les pierres et huiles essentielles. Lors d&#8217;un soin \u00e9nerg\u00e9tique, la personne reste habill\u00e9e, j&#8217;interviendrai sur l&#8217;\u00e9motionnel et\/ou le spirituel en apposant les mains \u00e0 quelques centim\u00e8tres au-dessus du corps.<\/span><\/p>\n<p>Les m\u00e9decines dites douces ou alternatives ne se substituent pas \u00e0 un avis m\u00e9dical. Il est important de comprendre que le soin \u00e9nerg\u00e9tique intervient en compl\u00e9ment de l&#8217;offre m\u00e9dicale, propos\u00e9e par des sp\u00e9cialistes de la sant\u00e9.<\/p>\n<p>A aucun moment, il sera demand\u00e9 d&#8217;arr\u00eater un traitement m\u00e9dical, provenant d&#8217;un professionnel de la sant\u00e9.<\/p>\n<p><!-- \/wp:paragraph --><\/p>\n<p><!-- wp:paragraph --><\/p>\n<p><!-- \/wp:paragraph --><\/p>\t\t\t\t\t\t<\/div>\n\t\t\t\t<\/div>\n\t\t\t\t<\/div>\n\t\t<div class=\"elementor-element elementor-element-8bafd75 e-con-full e-flex e-con e-child\" data-id=\"8bafd75\" data-element_type=\"container\" data-settings=\"{&quot;content_width&quot;:&quot;full&quot;}\">\n\t\t\t\t<div class=\"elementor-element elementor-element-6816519 elementor-widget elementor-widget-image\" data-id=\"6816519\" data-element_type=\"widget\" data-widget_type=\"image.default\">\n\t\t\t\t<div class=\"elementor-widget-container\">\n\t\t\t<style>\/*! elementor - v3.19.0 - 07-02-2024 *\/\n.elementor-widget-image{text-align:center}.elementor-widget-image a{display:inline-block}.elementor-widget-image a img[src$=\".svg\"]{width:48px}.elementor-widget-image img{vertical-align:middle;display:inline-block}<\/style>\t\t\t\t\t\t\t\t\t\t<img fetchpriority=\"high\" decoding=\"async\" width=\"365\" height=\"545\" src=\"https:\/\/namayogaenergie.fr\/wp-content\/uploads\/2024\/08\/Capture-decran-2024-08-07-205722.png\" class=\"attachment-large size-large wp-image-317\" alt=\"\" srcset=\"https:\/\/namayogaenergie.fr\/wp-content\/uploads\/2024\/08\/Capture-decran-2024-08-07-205722.png 365w, https:\/\/namayogaenergie.fr\/wp-content\/uploads\/2024\/08\/Capture-decran-2024-08-07-205722-201x300.png 201w\" sizes=\"(max-width: 365px) 100vw, 365px\" \/>\t\t\t\t\t\t\t\t\t\t\t\t\t<\/div>\n\t\t\t\t<\/div>\n\t\t\t\t<\/div>\n\t\t\t\t\t<\/div>\n\t\t\t\t<\/div>\n\t\t<div class=\"elementor-element elementor-element-5bf5071 e-flex e-con-boxed e-con e-parent\" data-id=\"5bf5071\" data-element_type=\"container\" data-settings=\"{&quot;background_background&quot;:&quot;classic&quot;,&quot;content_width&quot;:&quot;boxed&quot;}\" data-core-v316-plus=\"true\">\n\t\t\t\t\t<div class=\"e-con-inner\">\n\t\t<div class=\"elementor-element elementor-element-611a3d08 e-con-full e-flex e-con e-child\" data-id=\"611a3d08\" data-element_type=\"container\" data-settings=\"{&quot;content_width&quot;:&quot;full&quot;}\">\n\t\t\t\t<div class=\"elementor-element elementor-element-5278133b elementor-widget elementor-widget-text-editor\" data-id=\"5278133b\" data-element_type=\"widget\" data-widget_type=\"text-editor.default\">\n\t\t\t\t<div class=\"elementor-widget-container\">\n\t\t\t\t\t\t\t<p><span style=\"background-color: #b0ccb0; color: #72a376; font-family: 'Kumbh Sans', sans-serif; font-size: 1rem; font-weight: bolder; text-align: var(--text-align);\">Nama Yoga Energie<\/span><\/p><p style=\"color: #72a376; font-family: 'Kumbh Sans', sans-serif; background-color: #b0ccb0;\"><span style=\"font-weight: bolder;\">07 83 53 47 75<\/span><\/p><p style=\"color: #72a376; font-family: 'Kumbh Sans', sans-serif; background-color: #b0ccb0;\"><span style=\"font-weight: bolder;\">nama.yoga.energie@gmail.com<\/span><\/p>\t\t\t\t\t\t<\/div>\n\t\t\t\t<\/div>\n\t\t\t\t<\/div>\n\t\t<div class=\"elementor-element elementor-element-4b50be54 e-con-full e-flex e-con e-child\" data-id=\"4b50be54\" data-element_type=\"container\" data-settings=\"{&quot;content_width&quot;:&quot;full&quot;}\">\n\t\t\t\t<div class=\"elementor-element elementor-element-347e5651 elementor-widget elementor-widget-image\" data-id=\"347e5651\" data-element_type=\"widget\" data-widget_type=\"image.default\">\n\t\t\t\t<div class=\"elementor-widget-container\">\n\t\t\t\t\t\t\t\t\t\t\t\t\t<img decoding=\"async\" width=\"150\" height=\"150\" src=\"https:\/\/namayogaenergie.fr\/wp-content\/uploads\/2024\/05\/RYT200-1-150x150.png\" class=\"attachment-thumbnail size-thumbnail wp-image-275\" alt=\"\" srcset=\"https:\/\/namayogaenergie.fr\/wp-content\/uploads\/2024\/05\/RYT200-1-150x150.png 150w, https:\/\/namayogaenergie.fr\/wp-content\/uploads\/2024\/05\/RYT200-1.png 200w\" sizes=\"(max-width: 150px) 100vw, 150px\" \/>\t\t\t\t\t\t\t\t\t\t\t\t\t<\/div>\n\t\t\t\t<\/div>\n\t\t\t\t<\/div>\n\t\t\t\t\t<\/div>\n\t\t\t\t<\/div>\n\t\t\t\t<\/div>\n\t\t","protected":false},"excerpt":{"rendered":"<p>ENERGIE En parall\u00e8le de mon activit\u00e9 de yoga, je propose des soins \u00e9nerg\u00e9tiques.\u00a0 Depuis plus de 10 ans maintenant,\u00a0 je me suis form\u00e9e en magn\u00e9tisme, Reiki ou encore avec les pierres et huiles essentielles. Lors d&#8217;un soin \u00e9nerg\u00e9tique, la personne reste habill\u00e9e, j&#8217;interviendrai sur l&#8217;\u00e9motionnel et\/ou le spirituel en apposant les mains \u00e0 quelques centim\u00e8tres [&hellip;]<\/p>\n","protected":false},"author":1,"featured_media":0,"parent":0,"menu_order":0,"comment_status":"closed","ping_status":"closed","template":"","meta":{"footnotes":""},"class_list":["post-137","page","type-page","status-publish","hentry"],"_links":{"self":[{"href":"https:\/\/namayogaenergie.fr\/index.php?rest_route=\/wp\/v2\/pages\/137","targetHints":{"allow":["GET"]}}],"collection":[{"href":"https:\/\/namayogaenergie.fr\/index.php?rest_route=\/wp\/v2\/pages"}],"about":[{"href":"https:\/\/namayogaenergie.fr\/index.php?rest_route=\/wp\/v2\/types\/page"}],"author":[{"embeddable":true,"href":"https:\/\/namayogaenergie.fr\/index.php?rest_route=\/wp\/v2\/users\/1"}],"replies":[{"embeddable":true,"href":"https:\/\/namayogaenergie.fr\/index.php?rest_route=%2Fwp%2Fv2%2Fcomments&post=137"}],"version-history":[{"count":17,"href":"https:\/\/namayogaenergie.fr\/index.php?rest_route=\/wp\/v2\/pages\/137\/revisions"}],"predecessor-version":[{"id":323,"href":"https:\/\/namayogaenergie.fr\/index.php?rest_route=\/wp\/v2\/pages\/137\/revisions\/323"}],"wp:attachment":[{"href":"https:\/\/namayogaenergie.fr\/index.php?rest_route=%2Fwp%2Fv2%2Fmedia&parent=137"}],"curies":[{"name":"wp","href":"https:\/\/api.w.org\/{rel}","templated":true}]}}